{"id":645,"date":"2024-06-27T11:13:37","date_gmt":"2024-06-27T11:13:37","guid":{"rendered":"https:\/\/makrovit.com\/?post_type=product&#038;p=645"},"modified":"2024-09-11T07:26:35","modified_gmt":"2024-09-11T07:26:35","slug":"portajel-makropower","status":"publish","type":"product","link":"https:\/\/makrovit.com\/en\/product\/portajel-makropower-2\/","title":{"rendered":"PORTAJEL MAKROPOWER"},"content":{"rendered":"<h2>Molasses Based Licking Gel For Ruminant Animals<\/h2>\n<p class=\" translation-block\">INTENDED USE: Makropower licking gel meets the nutrient need of animals in\ntime, enough and balanced way when freely consumed. It is delicious and the\nlicking activity provides rumen fermentation to be stable and balanced by\nstimulating saliva production. In rations which coarse fodder consuming is\nhigh, by increasing bacterial growth, it increases the digestibility of coarse\nfodder and the total feed consumption. With high protein, energy, rich amino\nacids, vitamins and minerals in its content, it supports the uptake of nutrients\nthat animals need to be taken from outside. With B group vitamins and rich\nminerals, it enhances the resistance in stressful periods (winter conditions,\nmovement, group change, pregnancy etc.) It contributes improvements in\nmilk, meat and fertility, with the increasing of dry matter consumption.\nProtein, Energy, Vitamin and Mineral needs of animals grazing on pastures\nwith poor grass quality can be meet easily by puting Makropower freely in\nfront of animals in pasture conditions. Makropower is quite effective in\neliminating of estrus problems caused by lack of energy.<br>\nUSAGE: It is recommended to put the licking bucket freely in front of the\nanimals so that they can consume about 150-200 g per day for large\nruminants, 30-50 g for calves, 20-30 g per day for sheep-goat-lambs and kids.<br>\nCOMPONENTS: Sugar beet molasses, Calcium carbonate, Magnesium oxide,\nSodium chloride, Amino acid complex, Fractionated bypass fat, Vitamin and\nMineral Premix.<br>\nWHAT IS WARM COOKING TECHNOLOGY?: Warm Cooking Technology is the\nprocess of evaporating the water of sugar beet molasses by processing it\nbelow 55 \u00b0C. With this technology, the nutrients in molasses and the additives\nadded can protect their healthy structure without losing. It is known that\nAcrylamide which is known as carcinogenic, is occured by heating feed\nmaterials with high sugar content, above 90 degrees. With the warm cooking\ntechnology, the formation of Acrylamide is prevented and the nutrients are\nalso preserved. You can give our products to your animals with confidence.<\/p>","protected":false},"excerpt":{"rendered":"<p>Ruminant Hayvanlar \u0130\u00e7in Melas Bazl\u0131 Yalama Jeli KULLANIM AMACI: Makropower yalama jeli, hayvanlar\u0131n \u0130htiya\u00e7 duydu\u011fu besin maddelerini zaman\u0131nda, yeterli ve dengeli bir \u015fekilde serbest\u00e7e t\u00fcketilerek kar\u015f\u0131lar. Makropower yalama jeli lezzetlidir ve yalama aktivitesi t\u00fck\u00fcr\u00fck \u00fcretimini uyararak rumen fermantasyonunun stabil ve dengeli olmas\u0131n\u0131 sa\u011flar, kaba yem t\u00fcketimi y\u00fcksek olan rasyonlarda bakteri \u00fcremesini art\u0131rarak kaba yem sindirilebilirli\u011fini [&hellip;]<\/p>","protected":false},"featured_media":796,"template":"","meta":{"_acf_changed":false,"_et_pb_use_builder":"","_et_pb_old_content":"","_et_gb_content_width":""},"product_brand":[],"product_cat":[191,434,353,272,192,435,354,273,193,436,355,274,194,437,356,275,195,438,357,276,196,439,358,277,197,440,359,278,198,441,360,279,199,442,361,280,200,443,362,281,201,444,363,282,202,445,364,283,203,446,365,284,204,447,366,285,205,448,367,286,81,206,449,368,287,207,450,369,288,208,451,370,289,209,452,371,290,210,453,372,291,211,454,373,292,212,455,374,293,213,456,375,294,214,457,376,295,215,458,377,296,216,459,378,297,217,460,379,298,218,461,380,299,219,462,381,300,220,463,382,301,221,464,383,302,222,465,384,303,223,466,385,304,224,467,386,305,225,468,387,306,226,469,388,307,227,470,389,308,228,471,390,309,229,472,391,310,230,473,392,311,231,474,393,312,232,475,394,313,233,476,395,314,234,477,396,315,235,478,397,316,236,479,398,317,237,480,399,318,241,484,403,322,238,481,400,319,239,482,401,320,240,483,402,321,242,485,404,323,243,486,405,324,244,487,406,325,245,488,407,326,246,489,408,327,247,490,409,328,248,491,410,329,249,492,411,330,250,493,412,331,251,494,413,332,252,495,414,333,253,496,415,334,254,497,416,335,255,498,417,336,256,499,418,337,257,500,419,338,261,504,423,342,258,501,420,339,259,502,421,340,260,503,422,341,262,505,424,343,80,263,506,425,344,264,507,426,345,265,508,427,346,266,509,428,347,267,510,429,348,268,511,430,349,269,512,431,350,75,270,513,432,351,271,514,433,352,33,20],"product_tag":[],"class_list":{"0":"post-645","1":"product","2":"type-product","3":"status-publish","4":"has-post-thumbnail","6":"product_cat-adana-besi-yemi-ve-fiyatlari","7":"product_cat-adana-buzagi-buyutme-yemi-ve-fiyatlari","8":"product_cat-adana-buzagi-mamasi-ve-fiyatlari","9":"product_cat-adana-sut-yemi-ve-fiyatlari","10":"product_cat-adiyaman-besi-yemi-ve-fiyatlari","11":"product_cat-adiyaman-buzagi-buyutme-yemi-ve-fiyatlari","12":"product_cat-adiyaman-buzagi-mamasi-ve-fiyatlari","13":"product_cat-adiyaman-sut-yemi-ve-fiyatlari","14":"product_cat-afyonkarahisar-besi-yemi-ve-fiyatlari","15":"product_cat-afyonkarahisar-buzagi-buyutme-yemi-ve-fiyatlari","16":"product_cat-afyonkarahisar-buzagi-mamasi-ve-fiyatlari","17":"product_cat-afyonkarahisar-sut-yemi-ve-fiyatlari","18":"product_cat-agri-besi-yemi-ve-fiyatlari","19":"product_cat-agri-buzagi-buyutme-yemi-ve-fiyatlari","20":"product_cat-agri-buzagi-mamasi-ve-fiyatlari","21":"product_cat-agri-sut-yemi-ve-fiyatlari","22":"product_cat-aksaray-besi-yemi-ve-fiyatlari","23":"product_cat-aksaray-buzagi-buyutme-yemi-ve-fiyatlari","24":"product_cat-aksaray-buzagi-mamasi-ve-fiyatlari","25":"product_cat-aksaray-sut-yemi-ve-fiyatlari","26":"product_cat-amasya-besi-yemi-ve-fiyatlari","27":"product_cat-amasya-buzagi-buyutme-yemi-ve-fiyatlari","28":"product_cat-amasya-buzagi-mamasi-ve-fiyatlari","29":"product_cat-amasya-sut-yemi-ve-fiyatlari","30":"product_cat-ankara-besi-yemi-ve-fiyatlari","31":"product_cat-ankara-buzagi-buyutme-yemi-ve-fiyatlari","32":"product_cat-ankara-buzagi-mamasi-ve-fiyatlari","33":"product_cat-ankara-sut-yemi-ve-fiyatlari","34":"product_cat-antalya-besi-yemi-ve-fiyatlari","35":"product_cat-antalya-buzagi-buyutme-yemi-ve-fiyatlari","36":"product_cat-antalya-buzagi-mamasi-ve-fiyatlari","37":"product_cat-antalya-sut-yemi-ve-fiyatlari","38":"product_cat-ardahan-besi-yemi-ve-fiyatlari","39":"product_cat-ardahan-buzagi-buyutme-yemi-ve-fiyatlari","40":"product_cat-ardahan-buzagi-mamasi-ve-fiyatlari","41":"product_cat-ardahan-sut-yemi-ve-fiyatlari","42":"product_cat-artvin-besi-yemi-ve-fiyatlari","43":"product_cat-artvin-buzagi-buyutme-yemi-ve-fiyatlari","44":"product_cat-artvin-buzagi-mamasi-ve-fiyatlari","45":"product_cat-artvin-sut-yemi-ve-fiyatlari","46":"product_cat-aydin-besi-yemi-ve-fiyatlari","47":"product_cat-aydin-buzagi-buyutme-yemi-ve-fiyatlari","48":"product_cat-aydin-buzagi-mamasi-ve-fiyatlari","49":"product_cat-aydin-sut-yemi-ve-fiyatlari","50":"product_cat-balikesir-besi-yemi-ve-fiyatlari","51":"product_cat-balikesir-buzagi-buyutme-yemi-ve-fiyatlari","52":"product_cat-balikesir-buzagi-mamasi-ve-fiyatlari","53":"product_cat-balikesir-sut-yemi-ve-fiyatlari","54":"product_cat-bartin-besi-yemi-ve-fiyatlari","55":"product_cat-bartin-buzagi-buyutme-yemi-ve-fiyatlari","56":"product_cat-bartin-buzagi-mamasi-ve-fiyatlari","57":"product_cat-bartin-sut-yemi-ve-fiyatlari","58":"product_cat-batman-besi-yemi-ve-fiyatlari","59":"product_cat-batman-buzagi-buyutme-yemi-ve-fiyatlari","60":"product_cat-batman-buzagi-mamasi-ve-fiyatlari","61":"product_cat-batman-sut-yemi-ve-fiyatlari","62":"product_cat-bayburt-besi-yemi-ve-fiyatlari","63":"product_cat-bayburt-buzagi-buyutme-yemi-ve-fiyatlari","64":"product_cat-bayburt-buzagi-mamasi-ve-fiyatlari","65":"product_cat-bayburt-sut-yemi-ve-fiyatlari","66":"product_cat-besi-sakinlestirici","67":"product_cat-bilecik-besi-yemi-ve-fiyatlari","68":"product_cat-bilecik-buzagi-buyutme-yemi-ve-fiyatlari","69":"product_cat-bilecik-buzagi-mamasi-ve-fiyatlari","70":"product_cat-bilecik-sut-yemi-ve-fiyatlari","71":"product_cat-bingol-besi-yemi-ve-fiyatlari","72":"product_cat-bingol-buzagi-buyutme-yemi-ve-fiyatlari","73":"product_cat-bingol-buzagi-mamasi-ve-fiyatlari","74":"product_cat-bingol-sut-yemi-ve-fiyatlari","75":"product_cat-bitlis-besi-yemi-ve-fiyatlari","76":"product_cat-bitlis-buzagi-buyutme-yemi-ve-fiyatlari","77":"product_cat-bitlis-buzagi-mamasi-ve-fiyatlari","78":"product_cat-bitlis-sut-yemi-ve-fiyatlari","79":"product_cat-bolu-besi-yemi-ve-fiyatlari","80":"product_cat-bolu-buzagi-buyutme-yemi-ve-fiyatlari","81":"product_cat-bolu-buzagi-mamasi-ve-fiyatlari","82":"product_cat-bolu-sut-yemi-ve-fiyatlari","83":"product_cat-burdur-besi-yemi-ve-fiyatlari","84":"product_cat-burdur-buzagi-buyutme-yemi-ve-fiyatlari","85":"product_cat-burdur-buzagi-mamasi-ve-fiyatlari","86":"product_cat-burdur-sut-yemi-ve-fiyatlari","87":"product_cat-bursa-besi-yemi-ve-fiyatlari","88":"product_cat-bursa-buzagi-buyutme-yemi-ve-fiyatlari","89":"product_cat-bursa-buzagi-mamasi-ve-fiyatlari","90":"product_cat-bursa-sut-yemi-ve-fiyatlari","91":"product_cat-canakkale-besi-yemi-ve-fiyatlari","92":"product_cat-canakkale-buzagi-buyutme-yemi-ve-fiyatlari","93":"product_cat-canakkale-buzagi-mamasi-ve-fiyatlari","94":"product_cat-canakkale-sut-yemi-ve-fiyatlari","95":"product_cat-cankiri-besi-yemi-ve-fiyatlari","96":"product_cat-cankiri-buzagi-buyutme-yemi-ve-fiyatlari","97":"product_cat-cankiri-buzagi-mamasi-ve-fiyatlari","98":"product_cat-cankiri-sut-yemi-ve-fiyatlari","99":"product_cat-corum-besi-yemi-ve-fiyatlari","100":"product_cat-corum-buzagi-buyutme-yemi-ve-fiyatlari","101":"product_cat-corum-buzagi-mamasi-ve-fiyatlari","102":"product_cat-corum-sut-yemi-ve-fiyatlari","103":"product_cat-denizli-besi-yemi-ve-fiyatlari","104":"product_cat-denizli-buzagi-buyutme-yemi-ve-fiyatlari","105":"product_cat-denizli-buzagi-mamasi-ve-fiyatlari","106":"product_cat-denizli-sut-yemi-ve-fiyatlari","107":"product_cat-diyarbakir-besi-yemi-ve-fiyatlari","108":"product_cat-diyarbakir-buzagi-buyutme-yemi-ve-fiyatlari","109":"product_cat-diyarbakir-buzagi-mamasi-ve-fiyatlari","110":"product_cat-diyarbakir-sut-yemi-ve-fiyatlari","111":"product_cat-duzce-besi-yemi-ve-fiyatlari","112":"product_cat-duzce-buzagi-buyutme-yemi-ve-fiyatlari","113":"product_cat-duzce-buzagi-mamasi-ve-fiyatlari","114":"product_cat-duzce-sut-yemi-ve-fiyatlari","115":"product_cat-edirne-besi-yemi-ve-fiyatlari","116":"product_cat-edirne-buzagi-buyutme-yemi-ve-fiyatlari","117":"product_cat-edirne-buzagi-mamasi-ve-fiyatlari","118":"product_cat-edirne-sut-yemi-ve-fiyatlari","119":"product_cat-elazig-besi-yemi-ve-fiyatlari","120":"product_cat-elazig-buzagi-buyutme-yemi-ve-fiyatlari","121":"product_cat-elazig-buzagi-mamasi-ve-fiyatlari","122":"product_cat-elazig-sut-yemi-ve-fiyatlari","123":"product_cat-erzincan-besi-yemi-ve-fiyatlari","124":"product_cat-erzincan-buzagi-buyutme-yemi-ve-fiyatlari","125":"product_cat-erzincan-buzagi-mamasi-ve-fiyatlari","126":"product_cat-erzincan-sut-yemi-ve-fiyatlari","127":"product_cat-erzurum-besi-yemi-ve-fiyatlari","128":"product_cat-erzurum-buzagi-buyutme-yemi-ve-fiyatlari","129":"product_cat-erzurum-buzagi-mamasi-ve-fiyatlari","130":"product_cat-erzurum-sut-yemi-ve-fiyatlari","131":"product_cat-eskisehir-besi-yemi-ve-fiyatlari","132":"product_cat-eskisehir-buzagi-buyutme-yemi-ve-fiyatlari","133":"product_cat-eskisehir-buzagi-mamasi-ve-fiyatlari","134":"product_cat-eskisehir-sut-yemi-ve-fiyatlari","135":"product_cat-gaziantep-besi-yemi-ve-fiyatlari","136":"product_cat-gaziantep-buzagi-buyutme-yemi-ve-fiyatlari","137":"product_cat-gaziantep-buzagi-mamasi-ve-fiyatlari","138":"product_cat-gaziantep-sut-yemi-ve-fiyatlari","139":"product_cat-giresun-besi-yemi-ve-fiyatlari","140":"product_cat-giresun-buzagi-buyutme-yemi-ve-fiyatlari","141":"product_cat-giresun-buzagi-mamasi-ve-fiyatlari","142":"product_cat-giresun-sut-yemi-ve-fiyatlari","143":"product_cat-gumushane-besi-yemi-ve-fiyatlari","144":"product_cat-gumushane-buzagi-buyutme-yemi-ve-fiyatlari","145":"product_cat-gumushane-buzagi-mamasi-ve-fiyatlari","146":"product_cat-gumushane-sut-yemi-ve-fiyatlari","147":"product_cat-hakkari-besi-yemi-ve-fiyatlari","148":"product_cat-hakkari-buzagi-buyutme-yemi-ve-fiyatlari","149":"product_cat-hakkari-buzagi-mamasi-ve-fiyatlari","150":"product_cat-hakkari-sut-yemi-ve-fiyatlari","151":"product_cat-hatay-besi-yemi-ve-fiyatlari","152":"product_cat-hatay-buzagi-buyutme-yemi-ve-fiyatlari","153":"product_cat-hatay-buzagi-mamasi-ve-fiyatlari","154":"product_cat-hatay-sut-yemi-ve-fiyatlari","155":"product_cat-igdir-besi-yemi-ve-fiyatlari","156":"product_cat-igdir-buzagi-buyutme-yemi-ve-fiyatlari","157":"product_cat-igdir-buzagi-mamasi-ve-fiyatlari","158":"product_cat-igdir-sut-yemi-ve-fiyatlari","159":"product_cat-isparta-besi-yemi-ve-fiyatlari","160":"product_cat-isparta-buzagi-buyutme-yemi-ve-fiyatlari","161":"product_cat-isparta-buzagi-mamasi-ve-fiyatlari","162":"product_cat-isparta-sut-yemi-ve-fiyatlari","163":"product_cat-istanbul-besi-yemi-ve-fiyatlari","164":"product_cat-istanbul-buzagi-buyutme-yemi-ve-fiyatlari","165":"product_cat-istanbul-buzagi-mamasi-ve-fiyatlari","166":"product_cat-istanbul-sut-yemi-ve-fiyatlari","167":"product_cat-izmir-besi-yemi-ve-fiyatlari","168":"product_cat-izmir-buzagi-buyutme-yemi-ve-fiyatlari","169":"product_cat-izmir-buzagi-mamasi-ve-fiyatlari","170":"product_cat-izmir-sut-yemi-ve-fiyatlari","171":"product_cat-kahramanmaras-besi-yemi-ve-fiyatlari","172":"product_cat-kahramanmaras-buzagi-buyutme-yemi-ve-fiyatlari","173":"product_cat-kahramanmaras-buzagi-mamasi-ve-fiyatlari","174":"product_cat-kahramanmaras-sut-yemi-ve-fiyatlari","175":"product_cat-karabuk-besi-yemi-ve-fiyatlari","176":"product_cat-karabuk-buzagi-buyutme-yemi-ve-fiyatlari","177":"product_cat-karabuk-buzagi-mamasi-ve-fiyatlari","178":"product_cat-karabuk-sut-yemi-ve-fiyatlari","179":"product_cat-karaman-besi-yemi-ve-fiyatlari","180":"product_cat-karaman-buzagi-buyutme-yemi-ve-fiyatlari","181":"product_cat-karaman-buzagi-mamasi-ve-fiyatlari","182":"product_cat-karaman-sut-yemi-ve-fiyatlari","183":"product_cat-kars-besi-yemi-ve-fiyatlari","184":"product_cat-kars-buzagi-buyutme-yemi-ve-fiyatlari","185":"product_cat-kars-buzagi-mamasi-ve-fiyatlari","186":"product_cat-kars-sut-yemi-ve-fiyatlari","187":"product_cat-kastamonu-besi-yemi-ve-fiyatlari","188":"product_cat-kastamonu-buzagi-buyutme-yemi-ve-fiyatlari","189":"product_cat-kastamonu-buzagi-mamasi-ve-fiyatlari","190":"product_cat-kastamonu-sut-yemi-ve-fiyatlari","191":"product_cat-kayseri-besi-yemi-ve-fiyatlari","192":"product_cat-kayseri-buzagi-buyutme-yemi-ve-fiyatlari","193":"product_cat-kayseri-buzagi-mamasi-ve-fiyatlari","194":"product_cat-kayseri-sut-yemi-ve-fiyatlari","195":"product_cat-kilis-besi-yemi-ve-fiyatlari","196":"product_cat-kilis-buzagi-buyutme-yemi-ve-fiyatlari","197":"product_cat-kilis-buzagi-mamasi-ve-fiyatlari","198":"product_cat-kilis-sut-yemi-ve-fiyatlari","199":"product_cat-kirikkale-besi-yemi-ve-fiyatlari","200":"product_cat-kirikkale-buzagi-buyutme-yemi-ve-fiyatlari","201":"product_cat-kirikkale-buzagi-mamasi-ve-fiyatlari","202":"product_cat-kirikkale-sut-yemi-ve-fiyatlari","203":"product_cat-kirklareli-besi-yemi-ve-fiyatlari","204":"product_cat-kirklareli-buzagi-buyutme-yemi-ve-fiyatlari","205":"product_cat-kirklareli-buzagi-mamasi-ve-fiyatlari","206":"product_cat-kirklareli-sut-yemi-ve-fiyatlari","207":"product_cat-kirsehir-besi-yemi-ve-fiyatlari","208":"product_cat-kirsehir-buzagi-buyutme-yemi-ve-fiyatlari","209":"product_cat-kirsehir-buzagi-mamasi-ve-fiyatlari","210":"product_cat-kirsehir-sut-yemi-ve-fiyatlari","211":"product_cat-kocaeli-besi-yemi-ve-fiyatlari","212":"product_cat-kocaeli-buzagi-buyutme-yemi-ve-fiyatlari","213":"product_cat-kocaeli-buzagi-mamasi-ve-fiyatlari","214":"product_cat-kocaeli-sut-yemi-ve-fiyatlari","215":"product_cat-konya-besi-yemi-ve-fiyatlari","216":"product_cat-konya-buzagi-buyutme-yemi-ve-fiyatlari","217":"product_cat-konya-buzagi-mamasi-ve-fiyatlari","218":"product_cat-konya-sut-yemi-ve-fiyatlari","219":"product_cat-kutahya-besi-yemi-ve-fiyatlari","220":"product_cat-kutahya-buzagi-buyutme-yemi-ve-fiyatlari","221":"product_cat-kutahya-buzagi-mamasi-ve-fiyatlari","222":"product_cat-kutahya-sut-yemi-ve-fiyatlari","223":"product_cat-malatya-besi-yemi-ve-fiyatlari","224":"product_cat-malatya-buzagi-buyutme-yemi-ve-fiyatlari","225":"product_cat-malatya-buzagi-mamasi-ve-fiyatlari","226":"product_cat-malatya-sut-yemi-ve-fiyatlari","227":"product_cat-manisa-besi-yemi-ve-fiyatlari","228":"product_cat-manisa-buzagi-buyutme-yemi-ve-fiyatlari","229":"product_cat-manisa-buzagi-mamasi-ve-fiyatlari","230":"product_cat-manisa-sut-yemi-ve-fiyatlari","231":"product_cat-mardin-besi-yemi-ve-fiyatlari","232":"product_cat-mardin-buzagi-buyutme-yemi-ve-fiyatlari","233":"product_cat-mardin-buzagi-mamasi-ve-fiyatlari","234":"product_cat-mardin-sut-yemi-ve-fiyatlari","235":"product_cat-mersin-besi-yemi-ve-fiyatlari","236":"product_cat-mersin-buzagi-buyutme-yemi-ve-fiyatlari","237":"product_cat-mersin-buzagi-mamasi-ve-fiyatlari","238":"product_cat-mersin-sut-yemi-ve-fiyatlari","239":"product_cat-mugla-besi-yemi-ve-fiyatlari","240":"product_cat-mugla-buzagi-buyutme-yemi-ve-fiyatlari","241":"product_cat-mugla-buzagi-mamasi-ve-fiyatlari","242":"product_cat-mugla-sut-yemi-ve-fiyatlari","243":"product_cat-mus-besi-yemi-ve-fiyatlari","244":"product_cat-mus-buzagi-buyutme-yemi-ve-fiyatlari","245":"product_cat-mus-buzagi-mamasi-ve-fiyatlari","246":"product_cat-mus-sut-yemi-ve-fiyatlari","247":"product_cat-nevsehir-besi-yemi-ve-fiyatlari","248":"product_cat-nevsehir-buzagi-buyutme-yemi-ve-fiyatlari","249":"product_cat-nevsehir-buzagi-mamasi-ve-fiyatlari","250":"product_cat-nevsehir-sut-yemi-ve-fiyatlari","251":"product_cat-nigde-besi-yemi-ve-fiyatlari","252":"product_cat-nigde-buzagi-buyutme-yemi-ve-fiyatlari","253":"product_cat-nigde-buzagi-mamasi-ve-fiyatlari","254":"product_cat-nigde-sut-yemi-ve-fiyatlari","255":"product_cat-ordu-besi-yemi-ve-fiyatlari","256":"product_cat-ordu-buzagi-buyutme-yemi-ve-fiyatlari","257":"product_cat-ordu-buzagi-mamasi-ve-fiyatlari","258":"product_cat-ordu-sut-yemi-ve-fiyatlari","259":"product_cat-osmaniye-besi-yemi-ve-fiyatlari","260":"product_cat-osmaniye-buzagi-buyutme-yemi-ve-fiyatlari","261":"product_cat-osmaniye-buzagi-mamasi-ve-fiyatlari","262":"product_cat-osmaniye-sut-yemi-ve-fiyatlari","263":"product_cat-rize-besi-yemi-ve-fiyatlari","264":"product_cat-rize-buzagi-buyutme-yemi-ve-fiyatlari","265":"product_cat-rize-buzagi-mamasi-ve-fiyatlari","266":"product_cat-rize-sut-yemi-ve-fiyatlari","267":"product_cat-sakarya-besi-yemi-ve-fiyatlari","268":"product_cat-sakarya-buzagi-buyutme-yemi-ve-fiyatlari","269":"product_cat-sakarya-buzagi-mamasi-ve-fiyatlari","270":"product_cat-sakarya-sut-yemi-ve-fiyatlari","271":"product_cat-samsun-besi-yemi-ve-fiyatlari","272":"product_cat-samsun-buzagi-buyutme-yemi-ve-fiyatlari","273":"product_cat-samsun-buzagi-mamasi-ve-fiyatlari","274":"product_cat-samsun-sut-yemi-ve-fiyatlari","275":"product_cat-sanliurfa-besi-yemi-ve-fiyatlari","276":"product_cat-sanliurfa-buzagi-buyutme-yemi-ve-fiyatlari","277":"product_cat-sanliurfa-buzagi-mamasi-ve-fiyatlari","278":"product_cat-sanliurfa-sut-yemi-ve-fiyatlari","279":"product_cat-siirt-besi-yemi-ve-fiyatlari","280":"product_cat-siirt-buzagi-buyutme-yemi-ve-fiyatlari","281":"product_cat-siirt-buzagi-mamasi-ve-fiyatlari","282":"product_cat-siirt-sut-yemi-ve-fiyatlari","283":"product_cat-sinop-besi-yemi-ve-fiyatlari","284":"product_cat-sinop-buzagi-buyutme-yemi-ve-fiyatlari","285":"product_cat-sinop-buzagi-mamasi-ve-fiyatlari","286":"product_cat-sinop-sut-yemi-ve-fiyatlari","287":"product_cat-sivas-besi-yemi-ve-fiyatlari","288":"product_cat-sivas-buzagi-buyutme-yemi-ve-fiyatlari","289":"product_cat-sivas-buzagi-mamasi-ve-fiyatlari","290":"product_cat-sivas-sut-yemi-ve-fiyatlari","291":"product_cat-sirnak-besi-yemi-ve-fiyatlari","292":"product_cat-sirnak-buzagi-buyutme-yemi-ve-fiyatlari","293":"product_cat-sirnak-buzagi-mamasi-ve-fiyatlari","294":"product_cat-sirnak-sut-yemi-ve-fiyatlari","295":"product_cat-sut-ikame-yemi","296":"product_cat-tekirdag-besi-yemi-ve-fiyatlari","297":"product_cat-tekirdag-buzagi-buyutme-yemi-ve-fiyatlari","298":"product_cat-tekirdag-buzagi-mamasi-ve-fiyatlari","299":"product_cat-tekirdag-sut-yemi-ve-fiyatlari","300":"product_cat-tokat-besi-yemi-ve-fiyatlari","301":"product_cat-tokat-buzagi-buyutme-yemi-ve-fiyatlari","302":"product_cat-tokat-buzagi-mamasi-ve-fiyatlari","303":"product_cat-tokat-sut-yemi-ve-fiyatlari","304":"product_cat-trabzon-besi-yemi-ve-fiyatlari","305":"product_cat-trabzon-buzagi-buyutme-yemi-ve-fiyatlari","306":"product_cat-trabzon-buzagi-mamasi-ve-fiyatlari","307":"product_cat-trabzon-sut-yemi-ve-fiyatlari","308":"product_cat-tunceli-besi-yemi-ve-fiyatlari","309":"product_cat-tunceli-buzagi-buyutme-yemi-ve-fiyatlari","310":"product_cat-tunceli-buzagi-mamasi-ve-fiyatlari","311":"product_cat-tunceli-sut-yemi-ve-fiyatlari","312":"product_cat-usak-besi-yemi-ve-fiyatlari","313":"product_cat-usak-buzagi-buyutme-yemi-ve-fiyatlari","314":"product_cat-usak-buzagi-mamasi-ve-fiyatlari","315":"product_cat-usak-sut-yemi-ve-fiyatlari","316":"product_cat-van-besi-yemi-ve-fiyatlari","317":"product_cat-van-buzagi-buyutme-yemi-ve-fiyatlari","318":"product_cat-van-buzagi-mamasi-ve-fiyatlari","319":"product_cat-van-sut-yemi-ve-fiyatlari","320":"product_cat-yalova-besi-yemi-ve-fiyatlari","321":"product_cat-yalova-buzagi-buyutme-yemi-ve-fiyatlari","322":"product_cat-yalova-buzagi-mamasi-ve-fiyatlari","323":"product_cat-yalova-sut-yemi-ve-fiyatlari","324":"product_cat-yem-katki-yalama-jeli","325":"product_cat-yozgat-besi-yemi-ve-fiyatlari","326":"product_cat-yozgat-buzagi-buyutme-yemi-ve-fiyatlari","327":"product_cat-yozgat-buzagi-mamasi-ve-fiyatlari","328":"product_cat-yozgat-sut-yemi-ve-fiyatlari","329":"product_cat-zonguldak-besi-yemi-ve-fiyatlari","330":"product_cat-zonguldak-buzagi-buyutme-yemi-ve-fiyatlari","331":"product_cat-zonguldak-buzagi-mamasi-ve-fiyatlari","332":"product_cat-zonguldak-sut-yemi-ve-fiyatlari","333":"product_cat-yalama-jelleri","334":"product_cat-ruminantlar","336":"first","337":"instock","338":"shipping-taxable","339":"product-type-simple"},"acf":[],"_links":{"self":[{"href":"https:\/\/makrovit.com\/en\/wp-json\/wp\/v2\/product\/645","targetHints":{"allow":["GET"]}}],"collection":[{"href":"https:\/\/makrovit.com\/en\/wp-json\/wp\/v2\/product"}],"about":[{"href":"https:\/\/makrovit.com\/en\/wp-json\/wp\/v2\/types\/product"}],"wp:featuredmedia":[{"embeddable":true,"href":"https:\/\/makrovit.com\/en\/wp-json\/wp\/v2\/media\/796"}],"wp:attachment":[{"href":"https:\/\/makrovit.com\/en\/wp-json\/wp\/v2\/media?parent=645"}],"wp:term":[{"taxonomy":"product_brand","embeddable":true,"href":"https:\/\/makrovit.com\/en\/wp-json\/wp\/v2\/product_brand?post=645"},{"taxonomy":"product_cat","embeddable":true,"href":"https:\/\/makrovit.com\/en\/wp-json\/wp\/v2\/product_cat?post=645"},{"taxonomy":"product_tag","embeddable":true,"href":"https:\/\/makrovit.com\/en\/wp-json\/wp\/v2\/product_tag?post=645"}],"curies":[{"name":"wp","href":"https:\/\/api.w.org\/{rel}","templated":true}]}}