{"id":615,"date":"2024-06-27T07:45:04","date_gmt":"2024-06-27T07:45:04","guid":{"rendered":"https:\/\/makrovit.com\/?post_type=product&#038;p=615"},"modified":"2024-09-11T07:24:29","modified_gmt":"2024-09-11T07:24:29","slug":"portacure-tibbee","status":"publish","type":"product","link":"https:\/\/makrovit.com\/en\/product\/portacure-tibbee\/","title":{"rendered":"PORTACURE TIBBEE"},"content":{"rendered":"<h2>Vitamin, Mineral And Amino Acid Complex For Bees<\/h2>\n<p>INTENDED USE: It is used to meet the need of vitamin and mineral of honeybees. By increasing the working strength of bees, it provides the increase in honey quantity. Thanks to the essential amino acids that are necessary for the bee, it increases the honeycomb fill rate. By increasing the vitality of bees, reduces the death rate. Increases the laying rate of queenbee.<br \/>\nUSAGE: It is used by being mixed 2g (approximately 1 tea spoon) in the prepared 1kg of bee cake or 1L of its syrup.<\/p>","protected":false},"excerpt":{"rendered":"<p>Ar\u0131lar \u0130\u00e7in Vitamin Mineral Ve Aminoasit Kompleksi KULLANIM AMACI: Bal anlar\u0131nda ihtiyac\u0131 olan vitamin ve minerallerin kar\u015f\u0131lanmas\u0131n\u0131 sa\u011flar. Ar\u0131n\u0131n \u00e7al\u0131\u015fma g\u00fcc\u00fcn\u00fc art\u0131rarak bal miktar\u0131n\u0131n artmas\u0131n\u0131 sa\u011flar. Ar\u0131 i\u00e7in gerekli olan Esansiyel Aminoasitlerin sayesinde petek i\u00e7i doluluk oran\u0131 art\u0131\u015f g\u00f6sterir. Ar\u0131lar\u0131n ya\u015fama g\u00fcc\u00fcn\u00fc art\u0131rarak \u00f6l\u00fcm oran\u0131m azalt\u0131r, Ana ar\u0131larda yumurtlama oran\u0131n\u0131 art\u0131r\u0131r. KULLANIM \u015eEKL\u0130: Haz\u0131rlanan1 kg [&hellip;]<\/p>","protected":false},"featured_media":617,"template":"","meta":{"_acf_changed":false,"_et_pb_use_builder":"","_et_pb_old_content":"","_et_gb_content_width":""},"product_brand":[],"product_cat":[110,111,112,113,114,115,116,117,118,119,120,121,122,123,124,125,126,127,128,129,130,131,132,133,134,135,136,137,138,139,140,141,142,143,144,145,146,147,148,149,150,151,41,152,153,154,155,156,160,157,158,159,161,162,163,164,165,166,167,168,169,170,171,172,173,174,175,176,180,177,178,179,181,182,183,184,185,186,187,188,189,190,31],"product_tag":[],"class_list":{"0":"post-615","1":"product","2":"type-product","3":"status-publish","4":"has-post-thumbnail","6":"product_cat-adana-tavuk-yemi-ve-fiyatlari","7":"product_cat-adiyaman-tavuk-yemi-ve-fiyatlari","8":"product_cat-afyonkarahisar-tavuk-yemi-ve-fiyatlari","9":"product_cat-agri-tavuk-yemi-ve-fiyatlari","10":"product_cat-aksaray-tavuk-yemi-ve-fiyatlari","11":"product_cat-amasya-tavuk-yemi-ve-fiyatlari","12":"product_cat-ankara-tavuk-yemi-ve-fiyatlari","13":"product_cat-antalya-tavuk-yemi-ve-fiyatlari","14":"product_cat-ardahan-tavuk-yemi-ve-fiyatlari","15":"product_cat-artvin-tavuk-yemi-ve-fiyatlari","16":"product_cat-aydin-tavuk-yemi-ve-fiyatlari","17":"product_cat-balikesir-tavuk-yemi-ve-fiyatlari","18":"product_cat-bartin-tavuk-yemi-ve-fiyatlari","19":"product_cat-batman-tavuk-yemi-ve-fiyatlari","20":"product_cat-bayburt-tavuk-yemi-ve-fiyatlari","21":"product_cat-bilecik-tavuk-yemi-ve-fiyatlari","22":"product_cat-bingol-tavuk-yemi-ve-fiyatlari","23":"product_cat-bitlis-tavuk-yemi-ve-fiyatlari","24":"product_cat-bolu-tavuk-yemi-ve-fiyatlari","25":"product_cat-burdur-tavuk-yemi-ve-fiyatlari","26":"product_cat-bursa-tavuk-yemi-ve-fiyatlari","27":"product_cat-canakkale-tavuk-yemi-ve-fiyatlari","28":"product_cat-cankiri-tavuk-yemi-ve-fiyatlari","29":"product_cat-corum-tavuk-yemi-ve-fiyatlari","30":"product_cat-denizli-tavuk-yemi-ve-fiyatlari","31":"product_cat-diyarbakir-tavuk-yemi-ve-fiyatlari","32":"product_cat-duzce-tavuk-yemi-ve-fiyatlari","33":"product_cat-edirne-tavuk-yemi-ve-fiyatlari","34":"product_cat-elazig-tavuk-yemi-ve-fiyatlari","35":"product_cat-erzincan-tavuk-yemi-ve-fiyatlari","36":"product_cat-erzurum-tavuk-yemi-ve-fiyatlari","37":"product_cat-eskisehir-tavuk-yemi-ve-fiyatlari","38":"product_cat-gaziantep-tavuk-yemi-ve-fiyatlari","39":"product_cat-giresun-tavuk-yemi-ve-fiyatlari","40":"product_cat-gumushane-tavuk-yemi-ve-fiyatlari","41":"product_cat-hakkari-tavuk-yemi-ve-fiyatlari","42":"product_cat-hatay-tavuk-yemi-ve-fiyatlari","43":"product_cat-igdir-tavuk-yemi-ve-fiyatlari","44":"product_cat-isparta-tavuk-yemi-ve-fiyatlari","45":"product_cat-istanbul-tavuk-yemi-ve-fiyatlari","46":"product_cat-izmir-tavuk-yemi-ve-fiyatlari","47":"product_cat-kahramanmaras-tavuk-yemi-ve-fiyatlari","48":"product_cat-kanatlilar","49":"product_cat-karabuk-tavuk-yemi-ve-fiyatlari","50":"product_cat-karaman-tavuk-yemi-ve-fiyatlari","51":"product_cat-kars-tavuk-yemi-ve-fiyatlari","52":"product_cat-kastamonu-tavuk-yemi-ve-fiyatlari","53":"product_cat-kayseri-tavuk-yemi-ve-fiyatlari","54":"product_cat-kilis-tavuk-yemi-ve-fiyatlari","55":"product_cat-kirikkale-tavuk-yemi-ve-fiyatlari","56":"product_cat-kirklareli-tavuk-yemi-ve-fiyatlari","57":"product_cat-kirsehir-tavuk-yemi-ve-fiyatlari","58":"product_cat-kocaeli-tavuk-yemi-ve-fiyatlari","59":"product_cat-konya-tavuk-yemi-ve-fiyatlari","60":"product_cat-kutahya-tavuk-yemi-ve-fiyatlari","61":"product_cat-malatya-tavuk-yemi-ve-fiyatlari","62":"product_cat-manisa-tavuk-yemi-ve-fiyatlari","63":"product_cat-mardin-tavuk-yemi-ve-fiyatlari","64":"product_cat-mersin-tavuk-yemi-ve-fiyatlari","65":"product_cat-mugla-tavuk-yemi-ve-fiyatlari","66":"product_cat-mus-tavuk-yemi-ve-fiyatlari","67":"product_cat-nevsehir-tavuk-yemi-ve-fiyatlari","68":"product_cat-nigde-tavuk-yemi-ve-fiyatlari","69":"product_cat-ordu-tavuk-yemi-ve-fiyatlari","70":"product_cat-osmaniye-tavuk-yemi-ve-fiyatlari","71":"product_cat-rize-tavuk-yemi-ve-fiyatlari","72":"product_cat-sakarya-tavuk-yemi-ve-fiyatlari","73":"product_cat-samsun-tavuk-yemi-ve-fiyatlari","74":"product_cat-sanliurfa-tavuk-yemi-ve-fiyatlari","75":"product_cat-siirt-tavuk-yemi-ve-fiyatlari","76":"product_cat-sinop-tavuk-yemi-ve-fiyatlari","77":"product_cat-sivas-tavuk-yemi-ve-fiyatlari","78":"product_cat-sirnak-tavuk-yemi-ve-fiyatlari","79":"product_cat-tekirdag-tavuk-yemi-ve-fiyatlari","80":"product_cat-tokat-tavuk-yemi-ve-fiyatlari","81":"product_cat-trabzon-tavuk-yemi-ve-fiyatlari","82":"product_cat-tunceli-tavuk-yemi-ve-fiyatlari","83":"product_cat-usak-tavuk-yemi-ve-fiyatlari","84":"product_cat-van-tavuk-yemi-ve-fiyatlari","85":"product_cat-yalova-tavuk-yemi-ve-fiyatlari","86":"product_cat-yozgat-tavuk-yemi-ve-fiyatlari","87":"product_cat-zonguldak-tavuk-yemi-ve-fiyatlari","88":"product_cat-klinik-urunler","90":"first","91":"instock","92":"shipping-taxable","93":"product-type-simple"},"acf":[],"_links":{"self":[{"href":"https:\/\/makrovit.com\/en\/wp-json\/wp\/v2\/product\/615","targetHints":{"allow":["GET"]}}],"collection":[{"href":"https:\/\/makrovit.com\/en\/wp-json\/wp\/v2\/product"}],"about":[{"href":"https:\/\/makrovit.com\/en\/wp-json\/wp\/v2\/types\/product"}],"wp:featuredmedia":[{"embeddable":true,"href":"https:\/\/makrovit.com\/en\/wp-json\/wp\/v2\/media\/617"}],"wp:attachment":[{"href":"https:\/\/makrovit.com\/en\/wp-json\/wp\/v2\/media?parent=615"}],"wp:term":[{"taxonomy":"product_brand","embeddable":true,"href":"https:\/\/makrovit.com\/en\/wp-json\/wp\/v2\/product_brand?post=615"},{"taxonomy":"product_cat","embeddable":true,"href":"https:\/\/makrovit.com\/en\/wp-json\/wp\/v2\/product_cat?post=615"},{"taxonomy":"product_tag","embeddable":true,"href":"https:\/\/makrovit.com\/en\/wp-json\/wp\/v2\/product_tag?post=615"}],"curies":[{"name":"wp","href":"https:\/\/api.w.org\/{rel}","templated":true}]}}