{"id":2225,"date":"2025-08-06T07:50:48","date_gmt":"2025-08-06T07:50:48","guid":{"rendered":"https:\/\/makrovit.com\/?post_type=product&#038;p=2225"},"modified":"2026-02-11T09:49:43","modified_gmt":"2026-02-11T09:49:43","slug":"lysosafe","status":"publish","type":"product","link":"https:\/\/makrovit.com\/en\/product\/lysosafe-2\/","title":{"rendered":"Lysosafe"},"content":{"rendered":"<p data-start=\"37\" data-end=\"144\"><strong data-start=\"37\" data-end=\"144\">Vitamin, Mineral Premix Enriched With Enzyme For Poultry, Small And Large Ruminants<\/strong><\/p>\n<p data-start=\"146\" data-end=\"393\">Lysozyme occurs naturally in plant and animal tissues and especially abundant in egg whites.<\/p>\n<hr data-start=\"395\" data-end=\"398\" \/>\n<h3 data-start=\"400\" data-end=\"431\"><strong data-start=\"404\" data-end=\"431\">ADVANTAGES OF LYSOSAFE<\/strong><\/h3>\n<ul data-start=\"433\" data-end=\"1053\">\n<li data-start=\"433\" data-end=\"477\">\n<p data-start=\"435\" data-end=\"477\">Effective against gram positive bacteria<\/p>\n<\/li>\n<li data-start=\"478\" data-end=\"593\">\n<p data-start=\"480\" data-end=\"593\">Optimizes the use of fats and oils in the diet by supporting digestion and absorption<\/p>\n<\/li>\n<li data-start=\"594\" data-end=\"632\">\n<p data-start=\"596\" data-end=\"632\">Reduces the negative impact of stress<\/p>\n<\/li>\n<li data-start=\"633\" data-end=\"696\">\n<p data-start=\"635\" data-end=\"696\">Effective for metabolic disorders and viral attacks<\/p>\n<\/li>\n<li data-start=\"697\" data-end=\"728\">\n<p data-start=\"699\" data-end=\"728\">Support for wound repair.<\/p>\n<\/li>\n<li data-start=\"729\" data-end=\"759\">\n<p data-start=\"731\" data-end=\"759\">Bladder health support<\/p>\n<\/li>\n<li data-start=\"760\" data-end=\"796\">\n<p data-start=\"762\" data-end=\"796\">Healthy inflammation management<\/p>\n<\/li>\n<li data-start=\"797\" data-end=\"829\">\n<p data-start=\"799\" data-end=\"829\">Enhances growth performance<\/p>\n<\/li>\n<li data-start=\"830\" data-end=\"902\">\n<p data-start=\"832\" data-end=\"902\">Offer feed cost savings by replacing dietary fats<\/p>\n<\/li>\n<li data-start=\"903\" data-end=\"945\">\n<p data-start=\"905\" data-end=\"945\">Neutralises some acidic compounds<\/p>\n<\/li>\n<li data-start=\"946\" data-end=\"994\">\n<p data-start=\"948\" data-end=\"994\">Neutralize some acidic compounds<\/p>\n<\/li>\n<li data-start=\"995\" data-end=\"1053\">\n<p data-start=\"997\" data-end=\"1053\">Strenghtens the organism of animals\nPositively impacts gut morphology<\/p>\n<\/li>\n<\/ul>","protected":false},"excerpt":{"rendered":"<p>K\u00fcmes Hayvanlar\u0131, K\u00fc\u00e7\u00fck ve B\u00fcy\u00fckba\u015f Hayvanlar \u0130\u00e7in Enzimle Zenginle\u015ftirilmi\u015f Vitamin ve Mineral Premiks Lizozim, protein veya n\u00fckleik asit ekstraksiyon verimlili\u011fini art\u0131rmak amac\u0131yla bakteriyel h\u00fccre duvar\u0131n\u0131 par\u00e7alama yetene\u011fine sahiptir. Lizozim bitki ve hayvan dokular\u0131nda do\u011fal olarak bulunur ve \u00f6zellikle yumurta beyaz\u0131nda bol miktarda yer al\u0131r. LYSOSAFE\u2019\u0130N AVANTAJLARI Gram pozitif bakterilere kar\u015f\u0131 etkilidir Ya\u011flar\u0131n ve ya\u011f bazl\u0131 [&hellip;]<\/p>","protected":false},"featured_media":2227,"template":"","meta":{"_acf_changed":false,"_et_pb_use_builder":"","_et_pb_old_content":"","_et_gb_content_width":""},"product_brand":[],"product_cat":[52],"product_tag":[],"class_list":{"0":"post-2225","1":"product","2":"type-product","3":"status-publish","4":"has-post-thumbnail","6":"product_cat-kanatli-hayvanlar-ozel-toz-urunleri","8":"first","9":"instock","10":"shipping-taxable","11":"product-type-simple"},"acf":[],"_links":{"self":[{"href":"https:\/\/makrovit.com\/en\/wp-json\/wp\/v2\/product\/2225","targetHints":{"allow":["GET"]}}],"collection":[{"href":"https:\/\/makrovit.com\/en\/wp-json\/wp\/v2\/product"}],"about":[{"href":"https:\/\/makrovit.com\/en\/wp-json\/wp\/v2\/types\/product"}],"wp:featuredmedia":[{"embeddable":true,"href":"https:\/\/makrovit.com\/en\/wp-json\/wp\/v2\/media\/2227"}],"wp:attachment":[{"href":"https:\/\/makrovit.com\/en\/wp-json\/wp\/v2\/media?parent=2225"}],"wp:term":[{"taxonomy":"product_brand","embeddable":true,"href":"https:\/\/makrovit.com\/en\/wp-json\/wp\/v2\/product_brand?post=2225"},{"taxonomy":"product_cat","embeddable":true,"href":"https:\/\/makrovit.com\/en\/wp-json\/wp\/v2\/product_cat?post=2225"},{"taxonomy":"product_tag","embeddable":true,"href":"https:\/\/makrovit.com\/en\/wp-json\/wp\/v2\/product_tag?post=2225"}],"curies":[{"name":"wp","href":"https:\/\/api.w.org\/{rel}","templated":true}]}}