{"id":2218,"date":"2025-08-04T07:20:48","date_gmt":"2025-08-04T07:20:48","guid":{"rendered":"https:\/\/makrovit.com\/?post_type=product&#038;p=2218"},"modified":"2026-02-16T16:19:46","modified_gmt":"2026-02-16T16:19:46","slug":"menoglu-plus-rumen-korumali-glikoz","status":"publish","type":"product","link":"https:\/\/makrovit.com\/en\/product\/menoglu-plus-rumen-protected-glucose-2\/","title":{"rendered":"Menoglu Plus - Rumen Protected Glucose"},"content":{"rendered":"<h2>Menoglu Plus - Rumen Protected Glucose<\/h2>\n<p>Menoglu Plus is an effective and safe rumen-protected glucose source developed to raise blood glucose levels. It helps to reduce negative energy balance by stabilising blood glucose levels in transition cows.<\/p>\n<h3 data-path-to-node=\"1,2\"><b>Benefits Provided:<\/b><\/h3>\n<p data-path-to-node=\"1,3\"><b>Milk Yield and Performance:<\/b><\/p>\n<ul data-path-to-node=\"1,4\">\n<li>\n<p data-path-to-node=\"1,4,0,0\">Increases milk yield in early lactation and heat stress periods.<\/p>\n<\/li>\n<li>\n<p data-path-to-node=\"1,4,1,0\">Increases milk yield in the peak period of lactation.<\/p>\n<\/li>\n<li>\n<p data-path-to-node=\"1,4,2,0\">Improves the reproductive performance of cows.<\/p>\n<\/li>\n<\/ul>\n<p data-path-to-node=\"1,5\"><b>Metabolic Health:<\/b><\/p>\n<ul data-path-to-node=\"1,6\">\n<li>\n<p data-path-to-node=\"1,6,0,0\">Increases the low level of dry matter consumption caused by ketosis.<\/p>\n<\/li>\n<li>\n<p data-path-to-node=\"1,6,1,0\">Maintains metabolic health by balancing blood glucose levels.<\/p>\n<\/li>\n<\/ul>\n<p data-path-to-node=\"1,7\"><b>Technical Specifications:<\/b><\/p>\n<ul data-path-to-node=\"1,8\">\n<li>\n<p data-path-to-node=\"1,8,0,0\"><b>Active Component:<\/b> Glikoz (Oran: En az %50).<\/p>\n<\/li>\n<li>\n<p data-path-to-node=\"1,8,1,0\"><b>Additional Content:<\/b> Nicotinic Acid (Ratio: At least %0.5).<\/p>\n<\/li>\n<li>\n<p data-path-to-node=\"1,8,2,0\"><b>Rumen Bypass Rate:<\/b> En az %80.<\/p>\n<\/li>\n<li>\n<p data-path-to-node=\"1,8,3,0\"><b>Intestinal Absorption Rate:<\/b> En az %90.<\/p>\n<\/li>\n<\/ul>\n<p data-path-to-node=\"1,9\"><b>Usage and Dosage:<\/b><\/p>\n<ul data-path-to-node=\"1,10\">\n<li>\n<p data-path-to-node=\"1,10,0,0\"><b>Dairy Cattle:<\/b> 200 - 400 g\/day\/head.<\/p>\n<\/li>\n<li>\n<p data-path-to-node=\"1,10,1,0\"><b>Beef Cattle:<\/b> 150 - 300 g\/day\/head.<\/p>\n<\/li>\n<li>\n<p data-path-to-node=\"1,10,2,0\"><b>Sheep<\/b> 50 - 100 g\/day\/head.<\/p>\n<\/li>\n<\/ul>","protected":false},"excerpt":{"rendered":"<p>Menoglu Plus &#8211; Rumen Korumal\u0131 Glikoz Menoglu Plus, kan glikoz seviyesini y\u00fckseltmek i\u00e7in geli\u015ftirilmi\u015f etkili ve g\u00fcvenli bir rumen korumal\u0131 glikoz kayna\u011f\u0131d\u0131r. Ge\u00e7i\u015f d\u00f6nemindeki ineklerde kan glikoz d\u00fczeyini dengeleyerek negatif enerji dengesini azaltmaya yard\u0131mc\u0131 olur. Sa\u011flad\u0131\u011f\u0131 Faydalar: S\u00fct Verimi ve Performans: Erken laktasyon ve s\u0131cakl\u0131k stresi d\u00f6nemlerinde s\u00fct verimini art\u0131r\u0131r. Laktasyonun pik d\u00f6nemindeki s\u00fct verimini [&hellip;]<\/p>","protected":false},"featured_media":2349,"template":"","meta":{"_acf_changed":false,"_et_pb_use_builder":"","_et_pb_old_content":"","_et_gb_content_width":""},"product_brand":[],"product_cat":[97,93,70,96,91,102,103,104,106,105,69,100,99,72,71,68,98],"product_tag":[],"class_list":{"0":"post-2218","1":"product","2":"type-product","3":"status-publish","4":"has-post-thumbnail","6":"product_cat-glikoz-kaplanmis-kolin","7":"product_cat-glikoz","8":"product_cat-kaplanmis-kolin","9":"product_cat-klorur-rumen-korumali-kolin","10":"product_cat-kolin","11":"product_cat-l-lizin-rumen-korumali-kolin","12":"product_cat-l-lizin-ure-rumen-by-pass-kolin","13":"product_cat-l-lysine-kaplanmis-kolin","14":"product_cat-l-lysine-rumen-by-pass-kolin","15":"product_cat-l-lysine-rumen-korumali-kolin","16":"product_cat-menon","17":"product_cat-metiyonin-rumen-by-pass-kolin","18":"product_cat-metiyonin-rumen-korumali-kolin","19":"product_cat-rumen-by-pass-kolin","20":"product_cat-rumen-korumali-kolin","21":"product_cat-rumen-korumali-urunler","22":"product_cat-yavas-salinimli-ure-kaplanmis-kolin","24":"first","25":"instock","26":"shipping-taxable","27":"product-type-simple"},"acf":[],"_links":{"self":[{"href":"https:\/\/makrovit.com\/en\/wp-json\/wp\/v2\/product\/2218","targetHints":{"allow":["GET"]}}],"collection":[{"href":"https:\/\/makrovit.com\/en\/wp-json\/wp\/v2\/product"}],"about":[{"href":"https:\/\/makrovit.com\/en\/wp-json\/wp\/v2\/types\/product"}],"wp:featuredmedia":[{"embeddable":true,"href":"https:\/\/makrovit.com\/en\/wp-json\/wp\/v2\/media\/2349"}],"wp:attachment":[{"href":"https:\/\/makrovit.com\/en\/wp-json\/wp\/v2\/media?parent=2218"}],"wp:term":[{"taxonomy":"product_brand","embeddable":true,"href":"https:\/\/makrovit.com\/en\/wp-json\/wp\/v2\/product_brand?post=2218"},{"taxonomy":"product_cat","embeddable":true,"href":"https:\/\/makrovit.com\/en\/wp-json\/wp\/v2\/product_cat?post=2218"},{"taxonomy":"product_tag","embeddable":true,"href":"https:\/\/makrovit.com\/en\/wp-json\/wp\/v2\/product_tag?post=2218"}],"curies":[{"name":"wp","href":"https:\/\/api.w.org\/{rel}","templated":true}]}}