{"id":2217,"date":"2025-08-04T07:19:38","date_gmt":"2025-08-04T07:19:38","guid":{"rendered":"https:\/\/makrovit.com\/?post_type=product&#038;p=2217"},"modified":"2026-02-16T16:21:47","modified_gmt":"2026-02-16T16:21:47","slug":"menogen-plus-rumen-ici-yavas-salinimli-ure","status":"publish","type":"product","link":"https:\/\/makrovit.com\/en\/product\/menogen-plus-intra-rumen-slow-release-urea-2\/","title":{"rendered":"Menogen Plus - Intra Rumen Slow Release Urea"},"content":{"rendered":"<h2>Menogen Plus - Intra Rumen Slow Release Urea<\/h2>\n<p>Menogen Plus is a highly efficient and economical nitrogen source developed for ruminants with high concentration and controlled release technology. It provides the nitrogen required by microorganisms in a stable manner by making a continuous and balanced release in the rumen.<\/p>\n<h3 data-path-to-node=\"1,2\"><b>Benefits Provided:<\/b><\/h3>\n<p data-path-to-node=\"1,3\"><b>Efficiency and Performance:<\/b><\/p>\n<ul data-path-to-node=\"1,4\">\n<li>\n<p data-path-to-node=\"1,4,0,0\">It creates a more stable nitrogen source for rumen microorganisms.<\/p>\n<\/li>\n<li>\n<p data-path-to-node=\"1,4,1,0\">Increases rumen microbial protein synthesis activity.<\/p>\n<\/li>\n<li>\n<p data-path-to-node=\"1,4,2,0\">Increases the average daily milk yield.<\/p>\n<\/li>\n<li>\n<p data-path-to-node=\"1,4,3,0\">Increases nitrogen utilisation efficiency.<\/p>\n<\/li>\n<\/ul>\n<p data-path-to-node=\"1,5\"><b>Digestibility and Flexibility:<\/b><\/p>\n<ul data-path-to-node=\"1,6\">\n<li>\n<p data-path-to-node=\"1,6,0,0\">Increases the bioavailability of carbohydrates.<\/p>\n<\/li>\n<li>\n<p data-path-to-node=\"1,6,1,0\">Provides more flexibility in ration preparation and formulation processes.<\/p>\n<\/li>\n<\/ul>\n<p data-path-to-node=\"1,7\"><b>Technical Specifications:<\/b><\/p>\n<ul data-path-to-node=\"1,8\">\n<li>\n<p data-path-to-node=\"1,8,0,0\"><b>Nitrogen Content:<\/b> En az %41.<\/p>\n<\/li>\n<li>\n<p data-path-to-node=\"1,8,1,0\"><b>Crude Protein Equivalent:<\/b> En az %256.<\/p>\n<\/li>\n<li>\n<p data-path-to-node=\"1,8,2,0\"><b>Target Audience:<\/b> Suitable for ruminants over 6 months of age.<\/p>\n<\/li>\n<\/ul>\n<p data-path-to-node=\"1,9\"><b>Usage and Dosage:<\/b> It is used by distributing evenly to the whole ration.<\/p>\n<ul data-path-to-node=\"1,10\">\n<li>\n<p data-path-to-node=\"1,10,0,0\"><b>Dairy Cattle<\/b> 50 - 150 grams\/head\/day.<\/p>\n<\/li>\n<li>\n<p data-path-to-node=\"1,10,1,0\"><b>Beef Cattle<\/b> 50 - 200 grams\/head\/day.<\/p>\n<\/li>\n<li>\n<p data-path-to-node=\"1,10,2,0\"><b>Sheep:<\/b> 5 - 15 grams\/head\/day.<\/p>\n<\/li>\n<li>\n<p data-path-to-node=\"1,10,3,0\"><b>Concentrated Feed Factories:<\/b> 8 - 15 kg\/tonne.<\/p>\n<\/li>\n<\/ul>","protected":false},"excerpt":{"rendered":"<p>Menogen Plus &#8211; Rumen \u0130\u00e7i Yava\u015f Sal\u0131n\u0131ml\u0131 \u00dcre Menogen Plus, y\u00fcksek konsantrasyonlu ve kontroll\u00fc sal\u0131n\u0131m teknolojisine sahip, ruminantlar i\u00e7in geli\u015ftirilmi\u015f y\u00fcksek etkinlikli ve ekonomik bir azot kayna\u011f\u0131d\u0131r. Rumen i\u00e7inde s\u00fcrekli ve dengeli bir sal\u0131n\u0131m yaparak mikroorganizmalar\u0131n ihtiya\u00e7 duydu\u011fu azotu stabil bir \u015fekilde sa\u011flar. Sa\u011flad\u0131\u011f\u0131 Faydalar: Verimlilik ve Performans: Rumen mikroorganizmalar\u0131 i\u00e7in daha stabil bir azot [&hellip;]<\/p>","protected":false},"featured_media":2350,"template":"","meta":{"_acf_changed":false,"_et_pb_use_builder":"","_et_pb_old_content":"","_et_gb_content_width":""},"product_brand":[],"product_cat":[70,96,91,102,103,104,106,105,69,100,99,72,71,68,94,98],"product_tag":[],"class_list":{"0":"post-2217","1":"product","2":"type-product","3":"status-publish","4":"has-post-thumbnail","6":"product_cat-kaplanmis-kolin","7":"product_cat-klorur-rumen-korumali-kolin","8":"product_cat-kolin","9":"product_cat-l-lizin-rumen-korumali-kolin","10":"product_cat-l-lizin-ure-rumen-by-pass-kolin","11":"product_cat-l-lysine-kaplanmis-kolin","12":"product_cat-l-lysine-rumen-by-pass-kolin","13":"product_cat-l-lysine-rumen-korumali-kolin","14":"product_cat-menon","15":"product_cat-metiyonin-rumen-by-pass-kolin","16":"product_cat-metiyonin-rumen-korumali-kolin","17":"product_cat-rumen-by-pass-kolin","18":"product_cat-rumen-korumali-kolin","19":"product_cat-rumen-korumali-urunler","20":"product_cat-ure","21":"product_cat-yavas-salinimli-ure-kaplanmis-kolin","23":"first","24":"instock","25":"shipping-taxable","26":"product-type-simple"},"acf":[],"_links":{"self":[{"href":"https:\/\/makrovit.com\/en\/wp-json\/wp\/v2\/product\/2217","targetHints":{"allow":["GET"]}}],"collection":[{"href":"https:\/\/makrovit.com\/en\/wp-json\/wp\/v2\/product"}],"about":[{"href":"https:\/\/makrovit.com\/en\/wp-json\/wp\/v2\/types\/product"}],"wp:featuredmedia":[{"embeddable":true,"href":"https:\/\/makrovit.com\/en\/wp-json\/wp\/v2\/media\/2350"}],"wp:attachment":[{"href":"https:\/\/makrovit.com\/en\/wp-json\/wp\/v2\/media?parent=2217"}],"wp:term":[{"taxonomy":"product_brand","embeddable":true,"href":"https:\/\/makrovit.com\/en\/wp-json\/wp\/v2\/product_brand?post=2217"},{"taxonomy":"product_cat","embeddable":true,"href":"https:\/\/makrovit.com\/en\/wp-json\/wp\/v2\/product_cat?post=2217"},{"taxonomy":"product_tag","embeddable":true,"href":"https:\/\/makrovit.com\/en\/wp-json\/wp\/v2\/product_tag?post=2217"}],"curies":[{"name":"wp","href":"https:\/\/api.w.org\/{rel}","templated":true}]}}