{"id":1144,"date":"2024-08-20T06:49:54","date_gmt":"2024-08-20T06:49:54","guid":{"rendered":"https:\/\/makrovit.com\/?post_type=product&#038;p=1144"},"modified":"2024-09-11T13:39:05","modified_gmt":"2024-09-11T13:39:05","slug":"portacure-b-complex-gold","status":"publish","type":"product","link":"https:\/\/makrovit.com\/en\/product\/portacure-b-complex-gold\/","title":{"rendered":"PORTACURE B COMPLEX GOLD"},"content":{"rendered":"<h2>Vitamin B Complex Premix For Poultry And Ruminants<\/h2>\n<p><strong>INTENDED USE :<\/strong> It is used to meet the need of essential B group vitamins and support immune system and yield and protect health and reduce the risk of fatty liver and increase appetite. B complex vitamins are important for that the cells are functioning properly. They help metabolize carbohydrates, fats and proteins and convert feed into energy, create\nnew blood cells, coenzymes and proteins and maintain healthy skin cells and other tissues. Vitamin B1, B2, B3, B5, B6, B7 and B12\ncontribute to normal energy-yielding metabolism. Vitamin B6, B12 contribute to the normal function of the immune system. Vitamin B6 contributes to normal protein and glycogen metabolism and amino acid metabolism. B vitamins including Biotin, Folic acid(B9), Vitamin B12 &amp; B6 are vital for cell function and promote healthy growth of\nnails, hair and skin.<\/p>\n<p><strong>USAGE :<\/strong> It is used by being mixed 250 g into 1.000 liters of drinking water and 500 g into 1.000 Kg feed for poultry and 100 g into 1.000 liters of drinking water and 1.000 g into 1.000 Kg feed for ruminants.<\/p>","protected":false},"excerpt":{"rendered":"<p>Vitamin B Kompleksi Premiksi (Kanatl\u0131 Hayvanlar ve Gevi\u015f Getiren Hayvanlar \u0130\u00e7in) Kullan\u0131m Amac\u0131: Gerekli B grubu vitaminlerinin ihtiyac\u0131n\u0131 kar\u015f\u0131lamak ve ba\u011f\u0131\u015f\u0131kl\u0131k sistemini desteklemek, verimi art\u0131rmak, sa\u011fl\u0131\u011f\u0131 korumak, karaci\u011fer ya\u011flanmas\u0131 riskini azaltmak ve i\u015ftah\u0131 art\u0131rmak i\u00e7in kullan\u0131l\u0131r. B kompleks vitaminleri, h\u00fccrelerin d\u00fczg\u00fcn \u00e7al\u0131\u015fmas\u0131 i\u00e7in \u00f6nemlidir. Karbonhidratlar\u0131, ya\u011flar\u0131 ve proteinleri metabolize eder, yemleri enerjiye d\u00f6n\u00fc\u015ft\u00fcr\u00fcr, yeni kan [&hellip;]<\/p>","protected":false},"featured_media":1145,"template":"","meta":{"_acf_changed":false,"_et_pb_use_builder":"","_et_pb_old_content":"","_et_gb_content_width":""},"product_brand":[],"product_cat":[110,111,112,113,114,115,116,117,118,119,120,121,122,123,124,125,126,127,128,129,130,131,132,133,134,135,136,137,138,139,140,141,142,143,144,145,146,147,148,149,150,151,41,52,152,153,154,155,156,160,157,158,159,161,162,163,164,165,166,167,168,169,170,171,172,173,174,175,176,180,177,178,179,181,182,183,184,185,186,187,188,189,190],"product_tag":[],"class_list":{"0":"post-1144","1":"product","2":"type-product","3":"status-publish","4":"has-post-thumbnail","6":"product_cat-adana-tavuk-yemi-ve-fiyatlari","7":"product_cat-adiyaman-tavuk-yemi-ve-fiyatlari","8":"product_cat-afyonkarahisar-tavuk-yemi-ve-fiyatlari","9":"product_cat-agri-tavuk-yemi-ve-fiyatlari","10":"product_cat-aksaray-tavuk-yemi-ve-fiyatlari","11":"product_cat-amasya-tavuk-yemi-ve-fiyatlari","12":"product_cat-ankara-tavuk-yemi-ve-fiyatlari","13":"product_cat-antalya-tavuk-yemi-ve-fiyatlari","14":"product_cat-ardahan-tavuk-yemi-ve-fiyatlari","15":"product_cat-artvin-tavuk-yemi-ve-fiyatlari","16":"product_cat-aydin-tavuk-yemi-ve-fiyatlari","17":"product_cat-balikesir-tavuk-yemi-ve-fiyatlari","18":"product_cat-bartin-tavuk-yemi-ve-fiyatlari","19":"product_cat-batman-tavuk-yemi-ve-fiyatlari","20":"product_cat-bayburt-tavuk-yemi-ve-fiyatlari","21":"product_cat-bilecik-tavuk-yemi-ve-fiyatlari","22":"product_cat-bingol-tavuk-yemi-ve-fiyatlari","23":"product_cat-bitlis-tavuk-yemi-ve-fiyatlari","24":"product_cat-bolu-tavuk-yemi-ve-fiyatlari","25":"product_cat-burdur-tavuk-yemi-ve-fiyatlari","26":"product_cat-bursa-tavuk-yemi-ve-fiyatlari","27":"product_cat-canakkale-tavuk-yemi-ve-fiyatlari","28":"product_cat-cankiri-tavuk-yemi-ve-fiyatlari","29":"product_cat-corum-tavuk-yemi-ve-fiyatlari","30":"product_cat-denizli-tavuk-yemi-ve-fiyatlari","31":"product_cat-diyarbakir-tavuk-yemi-ve-fiyatlari","32":"product_cat-duzce-tavuk-yemi-ve-fiyatlari","33":"product_cat-edirne-tavuk-yemi-ve-fiyatlari","34":"product_cat-elazig-tavuk-yemi-ve-fiyatlari","35":"product_cat-erzincan-tavuk-yemi-ve-fiyatlari","36":"product_cat-erzurum-tavuk-yemi-ve-fiyatlari","37":"product_cat-eskisehir-tavuk-yemi-ve-fiyatlari","38":"product_cat-gaziantep-tavuk-yemi-ve-fiyatlari","39":"product_cat-giresun-tavuk-yemi-ve-fiyatlari","40":"product_cat-gumushane-tavuk-yemi-ve-fiyatlari","41":"product_cat-hakkari-tavuk-yemi-ve-fiyatlari","42":"product_cat-hatay-tavuk-yemi-ve-fiyatlari","43":"product_cat-igdir-tavuk-yemi-ve-fiyatlari","44":"product_cat-isparta-tavuk-yemi-ve-fiyatlari","45":"product_cat-istanbul-tavuk-yemi-ve-fiyatlari","46":"product_cat-izmir-tavuk-yemi-ve-fiyatlari","47":"product_cat-kahramanmaras-tavuk-yemi-ve-fiyatlari","48":"product_cat-kanatlilar","49":"product_cat-kanatli-hayvanlar-ozel-toz-urunleri","50":"product_cat-karabuk-tavuk-yemi-ve-fiyatlari","51":"product_cat-karaman-tavuk-yemi-ve-fiyatlari","52":"product_cat-kars-tavuk-yemi-ve-fiyatlari","53":"product_cat-kastamonu-tavuk-yemi-ve-fiyatlari","54":"product_cat-kayseri-tavuk-yemi-ve-fiyatlari","55":"product_cat-kilis-tavuk-yemi-ve-fiyatlari","56":"product_cat-kirikkale-tavuk-yemi-ve-fiyatlari","57":"product_cat-kirklareli-tavuk-yemi-ve-fiyatlari","58":"product_cat-kirsehir-tavuk-yemi-ve-fiyatlari","59":"product_cat-kocaeli-tavuk-yemi-ve-fiyatlari","60":"product_cat-konya-tavuk-yemi-ve-fiyatlari","61":"product_cat-kutahya-tavuk-yemi-ve-fiyatlari","62":"product_cat-malatya-tavuk-yemi-ve-fiyatlari","63":"product_cat-manisa-tavuk-yemi-ve-fiyatlari","64":"product_cat-mardin-tavuk-yemi-ve-fiyatlari","65":"product_cat-mersin-tavuk-yemi-ve-fiyatlari","66":"product_cat-mugla-tavuk-yemi-ve-fiyatlari","67":"product_cat-mus-tavuk-yemi-ve-fiyatlari","68":"product_cat-nevsehir-tavuk-yemi-ve-fiyatlari","69":"product_cat-nigde-tavuk-yemi-ve-fiyatlari","70":"product_cat-ordu-tavuk-yemi-ve-fiyatlari","71":"product_cat-osmaniye-tavuk-yemi-ve-fiyatlari","72":"product_cat-rize-tavuk-yemi-ve-fiyatlari","73":"product_cat-sakarya-tavuk-yemi-ve-fiyatlari","74":"product_cat-samsun-tavuk-yemi-ve-fiyatlari","75":"product_cat-sanliurfa-tavuk-yemi-ve-fiyatlari","76":"product_cat-siirt-tavuk-yemi-ve-fiyatlari","77":"product_cat-sinop-tavuk-yemi-ve-fiyatlari","78":"product_cat-sivas-tavuk-yemi-ve-fiyatlari","79":"product_cat-sirnak-tavuk-yemi-ve-fiyatlari","80":"product_cat-tekirdag-tavuk-yemi-ve-fiyatlari","81":"product_cat-tokat-tavuk-yemi-ve-fiyatlari","82":"product_cat-trabzon-tavuk-yemi-ve-fiyatlari","83":"product_cat-tunceli-tavuk-yemi-ve-fiyatlari","84":"product_cat-usak-tavuk-yemi-ve-fiyatlari","85":"product_cat-van-tavuk-yemi-ve-fiyatlari","86":"product_cat-yalova-tavuk-yemi-ve-fiyatlari","87":"product_cat-yozgat-tavuk-yemi-ve-fiyatlari","88":"product_cat-zonguldak-tavuk-yemi-ve-fiyatlari","90":"first","91":"instock","92":"shipping-taxable","93":"product-type-simple"},"acf":[],"_links":{"self":[{"href":"https:\/\/makrovit.com\/en\/wp-json\/wp\/v2\/product\/1144","targetHints":{"allow":["GET"]}}],"collection":[{"href":"https:\/\/makrovit.com\/en\/wp-json\/wp\/v2\/product"}],"about":[{"href":"https:\/\/makrovit.com\/en\/wp-json\/wp\/v2\/types\/product"}],"wp:featuredmedia":[{"embeddable":true,"href":"https:\/\/makrovit.com\/en\/wp-json\/wp\/v2\/media\/1145"}],"wp:attachment":[{"href":"https:\/\/makrovit.com\/en\/wp-json\/wp\/v2\/media?parent=1144"}],"wp:term":[{"taxonomy":"product_brand","embeddable":true,"href":"https:\/\/makrovit.com\/en\/wp-json\/wp\/v2\/product_brand?post=1144"},{"taxonomy":"product_cat","embeddable":true,"href":"https:\/\/makrovit.com\/en\/wp-json\/wp\/v2\/product_cat?post=1144"},{"taxonomy":"product_tag","embeddable":true,"href":"https:\/\/makrovit.com\/en\/wp-json\/wp\/v2\/product_tag?post=1144"}],"curies":[{"name":"wp","href":"https:\/\/api.w.org\/{rel}","templated":true}]}}