{"id":1057,"date":"2024-08-16T07:04:35","date_gmt":"2024-08-16T07:04:35","guid":{"rendered":"https:\/\/makrovit.com\/?post_type=product&#038;p=1057"},"modified":"2024-09-11T08:45:49","modified_gmt":"2024-09-11T08:45:49","slug":"broiler-son-yemleme-conc-gold-25","status":"publish","type":"product","link":"https:\/\/makrovit.com\/en\/product\/broiler-last-feeding-conc-gold-25\/","title":{"rendered":"BROILER FINISHER CONC GOLD 2,5 %"},"content":{"rendered":"<h2>Vitamin-Mineral Premix Enriched With Amino Acids For Broiler Finishers (42-56 Days)<\/h2>\n<p><strong>INTENDED USE:<\/strong><br \/>\nIt is a special combination of vitamins, trace minerals, amino acids and antioxidants for broiler finishers. Essential amino acids (lysine, methionine, tryptophan and threonine) in its\ncontent provides quick and healthy growth. Vitamin E and selenium strengthen the immune system and are for good muscle growth. Biotin is for healthy skin and feathers. Vitamin D\nand optimum combination of calcium and phosphorus are important for stable bones.<\/p>\n<p><strong>USAGE:<\/strong><br \/>\nIt is used by being mixed 25 kg per 1 ton complete feed for broiler finishers.<\/p>","protected":false},"excerpt":{"rendered":"<p>Broiler Bitiriciler \u0130\u00e7in Amino Asitlerle Zenginle\u015ftirilmi\u015f Vitamin-Mineral Premiksi (42-56 g\u00fcn) KULLANIM AMACI: Broiler bitiricileri i\u00e7in vitaminler, iz mineraller, amino asitler ve antioksidanlardan olu\u015fan \u00f6zel bir kombinasyondur. \u0130\u00e7eri\u011findeki temel amino asitler (lizin, metiyonin, triptofan ve treonin) h\u0131zl\u0131 ve sa\u011fl\u0131kl\u0131 b\u00fcy\u00fcme sa\u011flar. Vitamin E ve selenyum, ba\u011f\u0131\u015f\u0131kl\u0131k sistemini g\u00fc\u00e7lendirir ve iyi kas geli\u015fimi sa\u011flar. Biyotin, sa\u011fl\u0131kl\u0131 deri [&hellip;]<\/p>","protected":false},"featured_media":1023,"template":"","meta":{"_acf_changed":false,"_et_pb_use_builder":"","_et_pb_old_content":"","_et_gb_content_width":""},"product_brand":[],"product_cat":[110,111,112,113,114,115,116,117,118,119,120,121,122,123,124,125,126,127,128,44,129,130,131,132,133,134,135,136,137,138,139,140,141,142,143,144,145,146,147,148,149,150,151,41,152,153,154,155,156,160,157,158,159,161,162,163,164,165,166,167,168,169,170,171,172,173,174,175,176,180,177,178,179,181,182,183,184,185,186,187,188,189,190],"product_tag":[],"class_list":{"0":"post-1057","1":"product","2":"type-product","3":"status-publish","4":"has-post-thumbnail","6":"product_cat-adana-tavuk-yemi-ve-fiyatlari","7":"product_cat-adiyaman-tavuk-yemi-ve-fiyatlari","8":"product_cat-afyonkarahisar-tavuk-yemi-ve-fiyatlari","9":"product_cat-agri-tavuk-yemi-ve-fiyatlari","10":"product_cat-aksaray-tavuk-yemi-ve-fiyatlari","11":"product_cat-amasya-tavuk-yemi-ve-fiyatlari","12":"product_cat-ankara-tavuk-yemi-ve-fiyatlari","13":"product_cat-antalya-tavuk-yemi-ve-fiyatlari","14":"product_cat-ardahan-tavuk-yemi-ve-fiyatlari","15":"product_cat-artvin-tavuk-yemi-ve-fiyatlari","16":"product_cat-aydin-tavuk-yemi-ve-fiyatlari","17":"product_cat-balikesir-tavuk-yemi-ve-fiyatlari","18":"product_cat-bartin-tavuk-yemi-ve-fiyatlari","19":"product_cat-batman-tavuk-yemi-ve-fiyatlari","20":"product_cat-bayburt-tavuk-yemi-ve-fiyatlari","21":"product_cat-bilecik-tavuk-yemi-ve-fiyatlari","22":"product_cat-bingol-tavuk-yemi-ve-fiyatlari","23":"product_cat-bitlis-tavuk-yemi-ve-fiyatlari","24":"product_cat-bolu-tavuk-yemi-ve-fiyatlari","25":"product_cat-broiler-son-yemleme-42-56-gun","26":"product_cat-burdur-tavuk-yemi-ve-fiyatlari","27":"product_cat-bursa-tavuk-yemi-ve-fiyatlari","28":"product_cat-canakkale-tavuk-yemi-ve-fiyatlari","29":"product_cat-cankiri-tavuk-yemi-ve-fiyatlari","30":"product_cat-corum-tavuk-yemi-ve-fiyatlari","31":"product_cat-denizli-tavuk-yemi-ve-fiyatlari","32":"product_cat-diyarbakir-tavuk-yemi-ve-fiyatlari","33":"product_cat-duzce-tavuk-yemi-ve-fiyatlari","34":"product_cat-edirne-tavuk-yemi-ve-fiyatlari","35":"product_cat-elazig-tavuk-yemi-ve-fiyatlari","36":"product_cat-erzincan-tavuk-yemi-ve-fiyatlari","37":"product_cat-erzurum-tavuk-yemi-ve-fiyatlari","38":"product_cat-eskisehir-tavuk-yemi-ve-fiyatlari","39":"product_cat-gaziantep-tavuk-yemi-ve-fiyatlari","40":"product_cat-giresun-tavuk-yemi-ve-fiyatlari","41":"product_cat-gumushane-tavuk-yemi-ve-fiyatlari","42":"product_cat-hakkari-tavuk-yemi-ve-fiyatlari","43":"product_cat-hatay-tavuk-yemi-ve-fiyatlari","44":"product_cat-igdir-tavuk-yemi-ve-fiyatlari","45":"product_cat-isparta-tavuk-yemi-ve-fiyatlari","46":"product_cat-istanbul-tavuk-yemi-ve-fiyatlari","47":"product_cat-izmir-tavuk-yemi-ve-fiyatlari","48":"product_cat-kahramanmaras-tavuk-yemi-ve-fiyatlari","49":"product_cat-kanatlilar","50":"product_cat-karabuk-tavuk-yemi-ve-fiyatlari","51":"product_cat-karaman-tavuk-yemi-ve-fiyatlari","52":"product_cat-kars-tavuk-yemi-ve-fiyatlari","53":"product_cat-kastamonu-tavuk-yemi-ve-fiyatlari","54":"product_cat-kayseri-tavuk-yemi-ve-fiyatlari","55":"product_cat-kilis-tavuk-yemi-ve-fiyatlari","56":"product_cat-kirikkale-tavuk-yemi-ve-fiyatlari","57":"product_cat-kirklareli-tavuk-yemi-ve-fiyatlari","58":"product_cat-kirsehir-tavuk-yemi-ve-fiyatlari","59":"product_cat-kocaeli-tavuk-yemi-ve-fiyatlari","60":"product_cat-konya-tavuk-yemi-ve-fiyatlari","61":"product_cat-kutahya-tavuk-yemi-ve-fiyatlari","62":"product_cat-malatya-tavuk-yemi-ve-fiyatlari","63":"product_cat-manisa-tavuk-yemi-ve-fiyatlari","64":"product_cat-mardin-tavuk-yemi-ve-fiyatlari","65":"product_cat-mersin-tavuk-yemi-ve-fiyatlari","66":"product_cat-mugla-tavuk-yemi-ve-fiyatlari","67":"product_cat-mus-tavuk-yemi-ve-fiyatlari","68":"product_cat-nevsehir-tavuk-yemi-ve-fiyatlari","69":"product_cat-nigde-tavuk-yemi-ve-fiyatlari","70":"product_cat-ordu-tavuk-yemi-ve-fiyatlari","71":"product_cat-osmaniye-tavuk-yemi-ve-fiyatlari","72":"product_cat-rize-tavuk-yemi-ve-fiyatlari","73":"product_cat-sakarya-tavuk-yemi-ve-fiyatlari","74":"product_cat-samsun-tavuk-yemi-ve-fiyatlari","75":"product_cat-sanliurfa-tavuk-yemi-ve-fiyatlari","76":"product_cat-siirt-tavuk-yemi-ve-fiyatlari","77":"product_cat-sinop-tavuk-yemi-ve-fiyatlari","78":"product_cat-sivas-tavuk-yemi-ve-fiyatlari","79":"product_cat-sirnak-tavuk-yemi-ve-fiyatlari","80":"product_cat-tekirdag-tavuk-yemi-ve-fiyatlari","81":"product_cat-tokat-tavuk-yemi-ve-fiyatlari","82":"product_cat-trabzon-tavuk-yemi-ve-fiyatlari","83":"product_cat-tunceli-tavuk-yemi-ve-fiyatlari","84":"product_cat-usak-tavuk-yemi-ve-fiyatlari","85":"product_cat-van-tavuk-yemi-ve-fiyatlari","86":"product_cat-yalova-tavuk-yemi-ve-fiyatlari","87":"product_cat-yozgat-tavuk-yemi-ve-fiyatlari","88":"product_cat-zonguldak-tavuk-yemi-ve-fiyatlari","90":"first","91":"instock","92":"shipping-taxable","93":"product-type-simple"},"acf":[],"_links":{"self":[{"href":"https:\/\/makrovit.com\/en\/wp-json\/wp\/v2\/product\/1057","targetHints":{"allow":["GET"]}}],"collection":[{"href":"https:\/\/makrovit.com\/en\/wp-json\/wp\/v2\/product"}],"about":[{"href":"https:\/\/makrovit.com\/en\/wp-json\/wp\/v2\/types\/product"}],"wp:featuredmedia":[{"embeddable":true,"href":"https:\/\/makrovit.com\/en\/wp-json\/wp\/v2\/media\/1023"}],"wp:attachment":[{"href":"https:\/\/makrovit.com\/en\/wp-json\/wp\/v2\/media?parent=1057"}],"wp:term":[{"taxonomy":"product_brand","embeddable":true,"href":"https:\/\/makrovit.com\/en\/wp-json\/wp\/v2\/product_brand?post=1057"},{"taxonomy":"product_cat","embeddable":true,"href":"https:\/\/makrovit.com\/en\/wp-json\/wp\/v2\/product_cat?post=1057"},{"taxonomy":"product_tag","embeddable":true,"href":"https:\/\/makrovit.com\/en\/wp-json\/wp\/v2\/product_tag?post=1057"}],"curies":[{"name":"wp","href":"https:\/\/api.w.org\/{rel}","templated":true}]}}